{"id":2706,"date":"2024-05-09T01:58:54","date_gmt":"2024-05-09T06:58:54","guid":{"rendered":"https:\/\/www.apexosn.com\/quienes-somos\/dr-joshua-levy\/"},"modified":"2024-05-27T06:03:06","modified_gmt":"2024-05-27T11:03:06","slug":"dr-joshua-levy","status":"publish","type":"page","link":"https:\/\/www.apexosn.com\/es\/quienes-somos\/dr-joshua-levy\/","title":{"rendered":"Dr. Joshua Levy"},"content":{"rendered":"<p>El Dr. Joshua Levy est\u00e1 certificado por la Junta Americana de Medicina F\u00edsica y Rehabilitaci\u00f3n. Asisti\u00f3 al New York College of Osteopathic Medicine en 2001, donde se licenci\u00f3 en Medicina.<\/p>\n<p>A continuaci\u00f3n, complet\u00f3 una residencia de medicina general y reumatolog\u00eda en el NUMC de Long Island.<\/p>\n<p>Levy tambi\u00e9n complet\u00f3 una beca en medicina deportiva y columna vertebral intervencionista en la UMDNJ de Nueva Jersey.<\/p>\n<p>Durante su estancia en la UMDNJ, fue ayudante del m\u00e9dico del equipo de la Universidad Rutgers y del Instituto Tecnol\u00f3gico de Nueva Jersey.<\/p>\n<p>El Dr. Levy rezuma entusiasmo por la pr\u00e1ctica de la medicina. Est\u00e1 plenamente comprometido a servir a sus pacientes con compasi\u00f3n, comprensi\u00f3n y educaci\u00f3n. Cuando no est\u00e1 ejerciendo la medicina, las aficiones del Dr. Levy incluyen coleccionar arte, rescatar animales y pasar tiempo con su familia.<\/p>\n","protected":false},"excerpt":{"rendered":"<p>El Dr. Joshua Levy est\u00e1 certificado por la Junta Americana de Medicina F\u00edsica y Rehabilitaci\u00f3n. Asisti\u00f3 al New York College of Osteopathic Medicine en 2001, donde se licenci\u00f3 en Medicina. A continuaci\u00f3n, complet\u00f3 una residencia de medicina general y reumatolog\u00eda en el NUMC de Long Island. Levy tambi\u00e9n complet\u00f3 una beca en medicina deportiva y [&hellip;]<\/p>\n","protected":false},"author":36,"featured_media":2664,"parent":2699,"menu_order":0,"comment_status":"closed","ping_status":"closed","template":"","meta":{"_acf_changed":false,"footnotes":""},"categories":[],"tags":[],"class_list":["post-2706","page","type-page","status-publish","has-post-thumbnail","hentry"],"acf":[],"_links":{"self":[{"href":"https:\/\/www.apexosn.com\/es\/wp-json\/wp\/v2\/pages\/2706","targetHints":{"allow":["GET"]}}],"collection":[{"href":"https:\/\/www.apexosn.com\/es\/wp-json\/wp\/v2\/pages"}],"about":[{"href":"https:\/\/www.apexosn.com\/es\/wp-json\/wp\/v2\/types\/page"}],"author":[{"embeddable":true,"href":"https:\/\/www.apexosn.com\/es\/wp-json\/wp\/v2\/users\/36"}],"replies":[{"embeddable":true,"href":"https:\/\/www.apexosn.com\/es\/wp-json\/wp\/v2\/comments?post=2706"}],"version-history":[{"count":2,"href":"https:\/\/www.apexosn.com\/es\/wp-json\/wp\/v2\/pages\/2706\/revisions"}],"predecessor-version":[{"id":5112,"href":"https:\/\/www.apexosn.com\/es\/wp-json\/wp\/v2\/pages\/2706\/revisions\/5112"}],"up":[{"embeddable":true,"href":"https:\/\/www.apexosn.com\/es\/wp-json\/wp\/v2\/pages\/2699"}],"wp:featuredmedia":[{"embeddable":true,"href":"https:\/\/www.apexosn.com\/es\/wp-json\/wp\/v2\/media\/2664"}],"wp:attachment":[{"href":"https:\/\/www.apexosn.com\/es\/wp-json\/wp\/v2\/media?parent=2706"}],"wp:term":[{"taxonomy":"category","embeddable":true,"href":"https:\/\/www.apexosn.com\/es\/wp-json\/wp\/v2\/categories?post=2706"},{"taxonomy":"post_tag","embeddable":true,"href":"https:\/\/www.apexosn.com\/es\/wp-json\/wp\/v2\/tags?post=2706"}],"curies":[{"name":"wp","href":"https:\/\/api.w.org\/{rel}","templated":true}]}}